{"id":5346,"date":"2022-04-19T08:35:41","date_gmt":"2022-04-19T08:35:41","guid":{"rendered":"http:\/\/www.nicdarkthemes.com\/themes\/hotel-booking\/wp\/demo\/hotel\/?page_id=5346"},"modified":"2024-10-19T09:40:01","modified_gmt":"2024-10-19T09:40:01","slug":"header-1","status":"publish","type":"page","link":"https:\/\/pegasoscavehotel.com\/tr\/header-1\/","title":{"rendered":"Header 1"},"content":{"rendered":"<div data-elementor-type=\"wp-page\" data-elementor-id=\"5346\" class=\"elementor elementor-5346\" data-elementor-post-type=\"page\">\n\t\t\t\t\t\t<section class=\"elementor-section elementor-top-section elementor-element elementor-element-1ec7df9 elementor-section-stretched elementor-section-boxed elementor-section-height-default elementor-section-height-default\" data-id=\"1ec7df9\" data-element_type=\"section\" data-e-type=\"section\" data-settings=\"{&quot;stretch_section&quot;:&quot;section-stretched&quot;,&quot;jet_parallax_layout_list&quot;:[]}\">\n\t\t\t\t\t\t<div class=\"elementor-container elementor-column-gap-default\">\n\t\t\t\t\t<div class=\"elementor-column elementor-col-100 elementor-top-column elementor-element elementor-element-48fd49b\" data-id=\"48fd49b\" data-element_type=\"column\" data-e-type=\"column\">\n\t\t\t<div class=\"elementor-widget-wrap elementor-element-populated\">\n\t\t\t\t\t\t<div class=\"elementor-element elementor-element-ab531f2 elementor-widget elementor-widget-customcss\" data-id=\"ab531f2\" data-element_type=\"widget\" data-e-type=\"widget\" data-widget_type=\"customcss.default\">\n\t\t\t\t<div class=\"elementor-widget-container\">\n\t\t\t\t\t<style type=\"text\/css\">#header_1_nav .menu &gt; li.current-menu-item &gt; a {color: #fff;}<\/style>\t\t\t\t<\/div>\n\t\t\t\t<\/div>\n\t\t\t\t\t<\/div>\n\t\t<\/div>\n\t\t\t\t\t<\/div>\n\t\t<\/section>\n\t\t\t\t<section class=\"elementor-section elementor-top-section elementor-element elementor-element-71e3c7d elementor-section-stretched elementor-section-boxed elementor-section-height-default elementor-section-height-default elementor-invisible\" data-id=\"71e3c7d\" data-element_type=\"section\" data-e-type=\"section\" id=\"header_1_topheader\" data-settings=\"{&quot;stretch_section&quot;:&quot;section-stretched&quot;,&quot;animation&quot;:&quot;fadeIn&quot;,&quot;jet_parallax_layout_list&quot;:[]}\">\n\t\t\t\t\t\t<div class=\"elementor-container elementor-column-gap-default\">\n\t\t\t\t\t<div class=\"elementor-column elementor-col-50 elementor-top-column elementor-element elementor-element-9153055\" data-id=\"9153055\" data-element_type=\"column\" data-e-type=\"column\">\n\t\t\t<div class=\"elementor-widget-wrap elementor-element-populated\">\n\t\t\t\t\t\t<div class=\"elementor-element elementor-element-08bbdec elementor-icon-list--layout-inline elementor-tablet-align-center elementor-mobile-align-start elementor-list-item-link-full_width elementor-widget elementor-widget-icon-list\" data-id=\"08bbdec\" data-element_type=\"widget\" data-e-type=\"widget\" data-widget_type=\"icon-list.default\">\n\t\t\t\t<div class=\"elementor-widget-container\">\n\t\t\t\t\t\t\t<ul class=\"elementor-icon-list-items elementor-inline-items\">\n\t\t\t\t\t\t\t<li class=\"elementor-icon-list-item elementor-inline-item\">\n\t\t\t\t\t\t\t\t\t\t\t<a href=\"mailto:info@pegasoscavehotel.com\">\n\n\t\t\t\t\t\t\t\t\t\t\t\t<span class=\"elementor-icon-list-icon\">\n\t\t\t\t\t\t\t<svg aria-hidden=\"true\" class=\"e-font-icon-svg e-far-envelope\" viewbox=\"0 0 512 512\" xmlns=\"http:\/\/www.w3.org\/2000\/svg\"><path d=\"M464 64H48C21.49 64 0 85.49 0 112v288c0 26.51 21.49 48 48 48h416c26.51 0 48-21.49 48-48V112c0-26.51-21.49-48-48-48zm0 48v40.805c-22.422 18.259-58.168 46.651-134.587 106.49-16.841 13.247-50.201 45.072-73.413 44.701-23.208.375-56.579-31.459-73.413-44.701C106.18 199.465 70.425 171.067 48 152.805V112h416zM48 400V214.398c22.914 18.251 55.409 43.862 104.938 82.646 21.857 17.205 60.134 55.186 103.062 54.955 42.717.231 80.509-37.199 103.053-54.947 49.528-38.783 82.032-64.401 104.947-82.653V400H48z\"><\/path><\/svg>\t\t\t\t\t\t<\/span>\n\t\t\t\t\t\t\t\t\t\t<span class=\"elementor-icon-list-text\">info@pegasoscavehotel.com<\/span>\n\t\t\t\t\t\t\t\t\t\t\t<\/a>\n\t\t\t\t\t\t\t\t\t<\/li>\n\t\t\t\t\t\t\t\t<li class=\"elementor-icon-list-item elementor-inline-item\">\n\t\t\t\t\t\t\t\t\t\t\t<a href=\"tel:%20905375987037\">\n\n\t\t\t\t\t\t\t\t\t\t\t\t<span class=\"elementor-icon-list-icon\">\n\t\t\t\t\t\t\t<svg aria-hidden=\"true\" class=\"e-font-icon-svg e-fas-mobile-alt\" viewbox=\"0 0 320 512\" xmlns=\"http:\/\/www.w3.org\/2000\/svg\"><path d=\"M272 0H48C21.5 0 0 21.5 0 48v416c0 26.5 21.5 48 48 48h224c26.5 0 48-21.5 48-48V48c0-26.5-21.5-48-48-48zM160 480c-17.7 0-32-14.3-32-32s14.3-32 32-32 32 14.3 32 32-14.3 32-32 32zm112-108c0 6.6-5.4 12-12 12H60c-6.6 0-12-5.4-12-12V60c0-6.6 5.4-12 12-12h200c6.6 0 12 5.4 12 12v312z\"><\/path><\/svg>\t\t\t\t\t\t<\/span>\n\t\t\t\t\t\t\t\t\t\t<span class=\"elementor-icon-list-text\"> +90 537 598 7037<\/span>\n\t\t\t\t\t\t\t\t\t\t\t<\/a>\n\t\t\t\t\t\t\t\t\t<\/li>\n\t\t\t\t\t\t<\/ul>\n\t\t\t\t\t\t<\/div>\n\t\t\t\t<\/div>\n\t\t\t\t\t<\/div>\n\t\t<\/div>\n\t\t\t\t<div class=\"elementor-column elementor-col-50 elementor-top-column elementor-element elementor-element-fb2c8a3\" data-id=\"fb2c8a3\" data-element_type=\"column\" data-e-type=\"column\">\n\t\t\t<div class=\"elementor-widget-wrap elementor-element-populated\">\n\t\t\t\t\t\t<section class=\"elementor-section elementor-inner-section elementor-element elementor-element-60d36ba elementor-section-full_width elementor-hidden-tablet elementor-hidden-mobile elementor-section-height-default elementor-section-height-default\" data-id=\"60d36ba\" data-element_type=\"section\" data-e-type=\"section\" data-settings=\"{&quot;jet_parallax_layout_list&quot;:[]}\">\n\t\t\t\t\t\t<div class=\"elementor-container elementor-column-gap-default\">\n\t\t\t\t\t<div class=\"elementor-column elementor-col-25 elementor-inner-column elementor-element elementor-element-84de907\" data-id=\"84de907\" data-element_type=\"column\" data-e-type=\"column\">\n\t\t\t<div class=\"elementor-widget-wrap\">\n\t\t\t\t\t\t\t<\/div>\n\t\t<\/div>\n\t\t\t\t<div class=\"elementor-column elementor-col-25 elementor-inner-column elementor-element elementor-element-461289c\" data-id=\"461289c\" data-element_type=\"column\" data-e-type=\"column\">\n\t\t\t<div class=\"elementor-widget-wrap\">\n\t\t\t\t\t\t\t<\/div>\n\t\t<\/div>\n\t\t\t\t<div class=\"elementor-column elementor-col-25 elementor-inner-column elementor-element elementor-element-d72b31a\" data-id=\"d72b31a\" data-element_type=\"column\" data-e-type=\"column\">\n\t\t\t<div class=\"elementor-widget-wrap\">\n\t\t\t\t\t\t\t<\/div>\n\t\t<\/div>\n\t\t\t\t<div class=\"elementor-column elementor-col-25 elementor-inner-column elementor-element elementor-element-cddffe5\" data-id=\"cddffe5\" data-element_type=\"column\" data-e-type=\"column\">\n\t\t\t<div class=\"elementor-widget-wrap elementor-element-populated\">\n\t\t\t\t\t\t<div class=\"elementor-element elementor-element-f431c58 elementor-align-right elementor-tablet-align-center elementor-widget elementor-widget-button\" data-id=\"f431c58\" data-element_type=\"widget\" data-e-type=\"widget\" data-widget_type=\"button.default\">\n\t\t\t\t<div class=\"elementor-widget-container\">\n\t\t\t\t\t\t\t\t\t<div class=\"elementor-button-wrapper\">\n\t\t\t\t\t<a class=\"elementor-button elementor-button-link elementor-size-sm\" href=\"https:\/\/pegasoscavehotel.com\/tr\/360\/\" target=\"_blank\">\n\t\t\t\t\t\t<span class=\"elementor-button-content-wrapper\">\n\t\t\t\t\t\t\t\t\t<span class=\"elementor-button-text\">360 SANAL TUR<\/span>\n\t\t\t\t\t<\/span>\n\t\t\t\t\t<\/a>\n\t\t\t\t<\/div>\n\t\t\t\t\t\t\t\t<\/div>\n\t\t\t\t<\/div>\n\t\t\t\t\t<\/div>\n\t\t<\/div>\n\t\t\t\t\t<\/div>\n\t\t<\/section>\n\t\t\t\t\t<\/div>\n\t\t<\/div>\n\t\t\t\t\t<\/div>\n\t\t<\/section>\n\t\t\t\t<section class=\"elementor-section elementor-top-section elementor-element elementor-element-18a841b elementor-section-stretched elementor-section-content-middle elementor-section-boxed elementor-section-height-default elementor-section-height-default elementor-invisible\" data-id=\"18a841b\" data-element_type=\"section\" data-e-type=\"section\" id=\"header_1_nav\" data-settings=\"{&quot;stretch_section&quot;:&quot;section-stretched&quot;,&quot;background_background&quot;:&quot;classic&quot;,&quot;animation&quot;:&quot;fadeInDown&quot;,&quot;animation_delay&quot;:&quot;200&quot;,&quot;jet_parallax_layout_list&quot;:[]}\">\n\t\t\t\t\t\t<div class=\"elementor-container elementor-column-gap-default\">\n\t\t\t\t\t<div class=\"elementor-column elementor-col-33 elementor-top-column elementor-element elementor-element-be55eff\" data-id=\"be55eff\" data-element_type=\"column\" data-e-type=\"column\">\n\t\t\t<div class=\"elementor-widget-wrap elementor-element-populated\">\n\t\t\t\t\t\t<div class=\"elementor-element elementor-element-40696cf elementor-widget elementor-widget-image\" data-id=\"40696cf\" data-element_type=\"widget\" data-e-type=\"widget\" data-widget_type=\"image.default\">\n\t\t\t\t<div class=\"elementor-widget-container\">\n\t\t\t\t\t\t\t\t\t\t\t\t\t\t\t\t<a href=\"https:\/\/pegasoscavehotel.com\/tr\">\n\t\t\t\t\t\t\t<img fetchpriority=\"high\" decoding=\"async\" width=\"1024\" height=\"502\" src=\"https:\/\/pegasoscavehotel.com\/wp-content\/uploads\/2024\/10\/logob.svg\" class=\"attachment-large size-large wp-image-7015\" alt=\"\" \/>\t\t\t\t\t\t\t\t<\/a>\n\t\t\t\t\t\t\t\t\t\t\t\t\t\t\t<\/div>\n\t\t\t\t<\/div>\n\t\t\t\t\t<\/div>\n\t\t<\/div>\n\t\t\t\t<div class=\"elementor-column elementor-col-33 elementor-top-column elementor-element elementor-element-720d61a\" data-id=\"720d61a\" data-element_type=\"column\" data-e-type=\"column\">\n\t\t\t<div class=\"elementor-widget-wrap elementor-element-populated\">\n\t\t\t\t\t\t<div class=\"elementor-element elementor-element-819f212 elementor-widget__width-initial elementor-widget elementor-widget-navigation\" data-id=\"819f212\" data-element_type=\"widget\" data-e-type=\"widget\" data-widget_type=\"navigation.default\">\n\t\t\t\t<div class=\"elementor-widget-container\">\n\t\t\t\t\t\n\t\t<div class=\"nd_elements_section\">\n\t\t\t<div class=\"nd_elements_navigation_component\">\n\n\t\t\t\t<div class=\"menu-ana-menu-container\"><ul id=\"menu-ana-menu\" class=\"menu\"><li id=\"menu-item-7795\" class=\"menu-item menu-item-type-post_type menu-item-object-page menu-item-home menu-item-7795\"><a href=\"https:\/\/pegasoscavehotel.com\/tr\/\">ANA SAYFA<\/a><\/li>\n<li id=\"menu-item-7796\" class=\"menu-item menu-item-type-post_type menu-item-object-page menu-item-7796\"><a href=\"https:\/\/pegasoscavehotel.com\/tr\/about-3\/\">HAKKIMIZDA<\/a><\/li>\n<li id=\"menu-item-7802\" class=\"menu-item menu-item-type-post_type menu-item-object-page menu-item-7802\"><a href=\"https:\/\/pegasoscavehotel.com\/tr\/zy-rooms\/\">ODALARIMIZ<\/a><\/li>\n<li id=\"menu-item-7797\" class=\"menu-item menu-item-type-post_type menu-item-object-page menu-item-7797\"><a href=\"https:\/\/pegasoscavehotel.com\/tr\/activities\/\">AKT\u0130V\u0130TELER<\/a><\/li>\n<li id=\"menu-item-7800\" class=\"menu-item menu-item-type-post_type menu-item-object-page menu-item-7800\"><a href=\"https:\/\/pegasoscavehotel.com\/tr\/gallery\/\">GALER\u0130<\/a><\/li>\n<li id=\"menu-item-7798\" class=\"menu-item menu-item-type-post_type menu-item-object-page menu-item-7798\"><a href=\"https:\/\/pegasoscavehotel.com\/tr\/contact\/\">\u0130LET\u0130\u015e\u0130M<\/a><\/li>\n<li id=\"menu-item-7809\" class=\"trp-language-switcher-container menu-item menu-item-type-post_type menu-item-object-language_switcher current-language-menu-item menu-item-7809\"><a href=\"https:\/\/pegasoscavehotel.com\/tr\/wp-json\/wp\/v2\/pages\/5346\"><img decoding=\"async\" class=\"trp-flag-image\" src=\"https:\/\/pegasoscavehotel.com\/wp-content\/plugins\/translatepress-multilingual\/assets\/images\/flags\/en_US.png\" width=\"18\" alt=\"en_US\">English<\/a><\/li>\n<\/ul><\/div>\n\t\t\t\t\n\t\t\t\t<img decoding=\"async\" alt=\"open-navigation\" width=\"25\" class=\"nd_elements_open_navigation_sidebar_content\" src=\"http:\/\/www.nicdarkthemes.com\/themes\/hotel-booking\/wp\/demo\/hotel\/wp-content\/uploads\/sites\/2\/2021\/05\/navigation-.white_.png\">\n\t\t\t\n\t\t\t<\/div>\n\t\t<\/div>\n\n\t\t<!--START menu responsive-->\n\t\t<div class=\"nd_elements_navigation_sidebar_content\">\n\n\t\t\t<img decoding=\"async\" alt=\"close-navigation\" width=\"25\" class=\"nd_elements_close_navigation_sidebar_content\" src=\"https:\/\/pegasoscavehotel.com\/wp-content\/plugins\/nd-elements\/widgets\/navigation\/img\/navigation-close.svg\">\n\n\t\t    <div class=\"nd_elements_navigation_sidebar\">\n\t\t        <div class=\"menu-ana-menu-container\"><ul id=\"menu-ana-menu-1\" class=\"menu\"><li class=\"menu-item menu-item-type-post_type menu-item-object-page menu-item-home menu-item-7795\"><a href=\"https:\/\/pegasoscavehotel.com\/tr\/\">ANA SAYFA<\/a><\/li>\n<li class=\"menu-item menu-item-type-post_type menu-item-object-page menu-item-7796\"><a href=\"https:\/\/pegasoscavehotel.com\/tr\/about-3\/\">HAKKIMIZDA<\/a><\/li>\n<li class=\"menu-item menu-item-type-post_type menu-item-object-page menu-item-7802\"><a href=\"https:\/\/pegasoscavehotel.com\/tr\/zy-rooms\/\">ODALARIMIZ<\/a><\/li>\n<li class=\"menu-item menu-item-type-post_type menu-item-object-page menu-item-7797\"><a href=\"https:\/\/pegasoscavehotel.com\/tr\/activities\/\">AKT\u0130V\u0130TELER<\/a><\/li>\n<li class=\"menu-item menu-item-type-post_type menu-item-object-page menu-item-7800\"><a href=\"https:\/\/pegasoscavehotel.com\/tr\/gallery\/\">GALER\u0130<\/a><\/li>\n<li class=\"menu-item menu-item-type-post_type menu-item-object-page menu-item-7798\"><a href=\"https:\/\/pegasoscavehotel.com\/tr\/contact\/\">\u0130LET\u0130\u015e\u0130M<\/a><\/li>\n<li class=\"trp-language-switcher-container menu-item menu-item-type-post_type menu-item-object-language_switcher current-language-menu-item menu-item-7809\"><a href=\"https:\/\/pegasoscavehotel.com\/tr\/wp-json\/wp\/v2\/pages\/5346\"><img decoding=\"async\" class=\"trp-flag-image\" src=\"https:\/\/pegasoscavehotel.com\/wp-content\/plugins\/translatepress-multilingual\/assets\/images\/flags\/en_US.png\" width=\"18\" alt=\"en_US\">English<\/a><\/li>\n<\/ul><\/div>\n\t\t    <\/div>\n\n\t\t<\/div>\n\t\t<!--END menu responsive-->\n\t\t\t\t\t\t<\/div>\n\t\t\t\t<\/div>\n\t\t\t\t\t<\/div>\n\t\t<\/div>\n\t\t\t\t<div class=\"elementor-column elementor-col-33 elementor-top-column elementor-element elementor-element-1f935a3\" data-id=\"1f935a3\" data-element_type=\"column\" data-e-type=\"column\">\n\t\t\t<div class=\"elementor-widget-wrap elementor-element-populated\">\n\t\t\t\t\t\t<div class=\"elementor-element elementor-element-85b82e9 elementor-align-right elementor-tablet-align-center elementor-hidden-tablet elementor-hidden-mobile elementor-widget elementor-widget-button\" data-id=\"85b82e9\" data-element_type=\"widget\" data-e-type=\"widget\" data-widget_type=\"button.default\">\n\t\t\t\t<div class=\"elementor-widget-container\">\n\t\t\t\t\t\t\t\t\t<div class=\"elementor-button-wrapper\">\n\t\t\t\t\t<a class=\"elementor-button elementor-button-link elementor-size-sm\" href=\"https:\/\/pegasos-cave-suite.rezervasyonal.com\/?lang=en\" target=\"_blank\">\n\t\t\t\t\t\t<span class=\"elementor-button-content-wrapper\">\n\t\t\t\t\t\t\t\t\t<span class=\"elementor-button-text\">REZERVASYON<\/span>\n\t\t\t\t\t<\/span>\n\t\t\t\t\t<\/a>\n\t\t\t\t<\/div>\n\t\t\t\t\t\t\t\t<\/div>\n\t\t\t\t<\/div>\n\t\t\t\t\t<\/div>\n\t\t<\/div>\n\t\t\t\t\t<\/div>\n\t\t<\/section>\n\t\t\t\t<section class=\"elementor-section elementor-top-section elementor-element elementor-element-5331d04 elementor-section-stretched elementor-section-content-middle elementor-section-full_width elementor-hidden-desktop elementor-section-height-default elementor-section-height-default elementor-invisible\" data-id=\"5331d04\" data-element_type=\"section\" data-e-type=\"section\" data-settings=\"{&quot;stretch_section&quot;:&quot;section-stretched&quot;,&quot;background_background&quot;:&quot;classic&quot;,&quot;animation&quot;:&quot;fadeInDown&quot;,&quot;animation_delay&quot;:&quot;200&quot;,&quot;jet_parallax_layout_list&quot;:[]}\">\n\t\t\t\t\t\t<div class=\"elementor-container elementor-column-gap-no\">\n\t\t\t\t\t<div class=\"elementor-column elementor-col-50 elementor-top-column elementor-element elementor-element-e26b6e0\" data-id=\"e26b6e0\" data-element_type=\"column\" data-e-type=\"column\">\n\t\t\t<div class=\"elementor-widget-wrap elementor-element-populated\">\n\t\t\t\t\t\t<div class=\"elementor-element elementor-element-3c6d7b9 elementor-align-right elementor-tablet-align-center elementor-mobile-align-justify elementor-widget elementor-widget-button\" data-id=\"3c6d7b9\" data-element_type=\"widget\" data-e-type=\"widget\" data-widget_type=\"button.default\">\n\t\t\t\t<div class=\"elementor-widget-container\">\n\t\t\t\t\t\t\t\t\t<div class=\"elementor-button-wrapper\">\n\t\t\t\t\t<a class=\"elementor-button elementor-button-link elementor-size-sm\" href=\"https:\/\/pegasoscavehotel.com\/tr\/360\/\" target=\"_blank\">\n\t\t\t\t\t\t<span class=\"elementor-button-content-wrapper\">\n\t\t\t\t\t\t\t\t\t<span class=\"elementor-button-text\">360 SANAL TUR<\/span>\n\t\t\t\t\t<\/span>\n\t\t\t\t\t<\/a>\n\t\t\t\t<\/div>\n\t\t\t\t\t\t\t\t<\/div>\n\t\t\t\t<\/div>\n\t\t\t\t\t<\/div>\n\t\t<\/div>\n\t\t\t\t<div class=\"elementor-column elementor-col-50 elementor-top-column elementor-element elementor-element-6a99cf2\" data-id=\"6a99cf2\" data-element_type=\"column\" data-e-type=\"column\">\n\t\t\t<div class=\"elementor-widget-wrap elementor-element-populated\">\n\t\t\t\t\t\t<div class=\"elementor-element elementor-element-14c891f elementor-align-right elementor-tablet-align-center elementor-mobile-align-justify elementor-widget elementor-widget-button\" data-id=\"14c891f\" data-element_type=\"widget\" data-e-type=\"widget\" data-widget_type=\"button.default\">\n\t\t\t\t<div class=\"elementor-widget-container\">\n\t\t\t\t\t\t\t\t\t<div class=\"elementor-button-wrapper\">\n\t\t\t\t\t<a class=\"elementor-button elementor-button-link elementor-size-sm\" href=\"https:\/\/pegasos-cave-suite.rezervasyonal.com\/?lang=en\" target=\"_blank\">\n\t\t\t\t\t\t<span class=\"elementor-button-content-wrapper\">\n\t\t\t\t\t\t\t\t\t<span class=\"elementor-button-text\">REZERVASYON<\/span>\n\t\t\t\t\t<\/span>\n\t\t\t\t\t<\/a>\n\t\t\t\t<\/div>\n\t\t\t\t\t\t\t\t<\/div>\n\t\t\t\t<\/div>\n\t\t\t\t\t<\/div>\n\t\t<\/div>\n\t\t\t\t\t<\/div>\n\t\t<\/section>\n\t\t\t\t<\/div>","protected":false},"excerpt":{"rendered":"<p>info@pegasoscavehotel.com +90 537 598 7037 360 View HOME ABOUT US OUR ROOMS ACTIVITIES GALLERY CONTACT US Turkish HOME ABOUT US OUR ROOMS ACTIVITIES GALLERY CONTACT US Turkish BOOK NOW 360 View BOOK NOW<\/p>","protected":false},"author":1,"featured_media":0,"parent":0,"menu_order":0,"comment_status":"closed","ping_status":"closed","template":"elementor_header_footer","meta":{"inline_featured_image":false,"_joinchat":[],"footnotes":""},"class_list":["post-5346","page","type-page","status-publish","hentry"],"_links":{"self":[{"href":"https:\/\/pegasoscavehotel.com\/tr\/wp-json\/wp\/v2\/pages\/5346","targetHints":{"allow":["GET"]}}],"collection":[{"href":"https:\/\/pegasoscavehotel.com\/tr\/wp-json\/wp\/v2\/pages"}],"about":[{"href":"https:\/\/pegasoscavehotel.com\/tr\/wp-json\/wp\/v2\/types\/page"}],"author":[{"embeddable":true,"href":"https:\/\/pegasoscavehotel.com\/tr\/wp-json\/wp\/v2\/users\/1"}],"replies":[{"embeddable":true,"href":"https:\/\/pegasoscavehotel.com\/tr\/wp-json\/wp\/v2\/comments?post=5346"}],"version-history":[{"count":186,"href":"https:\/\/pegasoscavehotel.com\/tr\/wp-json\/wp\/v2\/pages\/5346\/revisions"}],"predecessor-version":[{"id":7828,"href":"https:\/\/pegasoscavehotel.com\/tr\/wp-json\/wp\/v2\/pages\/5346\/revisions\/7828"}],"wp:attachment":[{"href":"https:\/\/pegasoscavehotel.com\/tr\/wp-json\/wp\/v2\/media?parent=5346"}],"curies":[{"name":"wp","href":"https:\/\/api.w.org\/{rel}","templated":true}]}}